{"id":36,"date":"2023-07-19T19:23:25","date_gmt":"2023-07-19T19:23:25","guid":{"rendered":"https:\/\/attractive-paintball.com\/?page_id=36"},"modified":"2025-05-30T01:10:15","modified_gmt":"2025-05-29T23:10:15","slug":"scenarios","status":"publish","type":"page","link":"https:\/\/attractive-paintball.com\/index.php\/scenarios\/","title":{"rendered":"Sc\u00e9narios"},"content":{"rendered":"\n<p><em><strong>Elimination :<\/strong><\/em><br>Il faut juste \u00e9liminer tous les joueurs de l&rsquo;\u00e9quipe adverse.<\/p>\n\n\n\n<p><em><strong>Le simple drapeau :<\/strong><\/em><br>Il faut capturer le drapeau au centre du terrain et le ramener sur sa base.<\/p>\n\n\n\n<p><em><strong>Le double drapeau :<\/strong><\/em><br>Il faut capturer le drapeau dans la base adverse et le ramener dans sa propre base. Tout en \u00e9vitant que l&rsquo;\u00e9quipe adverse capture votre drapeau.<\/p>\n\n\n\n<p><em><strong>Fun :<\/strong><\/em><br>Si vous \u00eates touch\u00e9 dans la t\u00eate ou le corps vous \u00eates \u00e9limin\u00e9 (Les bras, jambes, lanceurs ne comptent pas).<\/p>\n\n\n\n<p><em><strong>Pr\u00e9sident :<\/strong><\/em><br>Un joueur prend le r\u00f4le de Pr\u00e9sident. Son \u00e9quipe doit l&rsquo;escorter dans la base adverse pendant que l&rsquo;\u00e9quipe adverse tente de l&rsquo;abattre.<\/p>\n\n\n\n<p><em><strong>Le m\u00e9decin :<\/strong><\/em><br>Chaque \u00e9quipe d\u00e9termine un m\u00e9decin. D\u00e8s qu&rsquo;un joueur est touch\u00e9, celui-ci s&rsquo;arr\u00eate et attend le m\u00e9decin qui peut le ramener en jeu une fois qu&rsquo;il l&rsquo;a touch\u00e9. Pour gagner il faut donc \u00e9liminer le m\u00e9decin puis les tous les joueurs adverses.<\/p>\n\n\n\n<p><em><strong>Le traitre :<\/strong><\/em><br>Un traitre va \u00eatre d\u00e9sign\u00e9 au hasard dans chaque \u00e9quipe par le biais d&rsquo;un tirage de cartes. Celui-ci doit garder son identit\u00e9 secr\u00e8te et personne n&rsquo;a le droit de montrer sa carte. La partie d\u00e9marre normalement en \u00e9quipe contre \u00e9quipe. Mais apr\u00e8s quelques minutes au deuxi\u00e8me coup de sifflet, le traitre peut se r\u00e9v\u00e9ler et alors commencer \u00e0 tirer sur sa propre \u00e9quipe!<\/p>\n\n\n\n<p><em><strong>Le Terminator :<\/strong><\/em><br>Le Terminator part avec un chargeur complet et une recharge alors que les autres joueurs partent avec un nombre r\u00e9duit de billes. Pour \u00e9liminer le Terminator vous devez le toucher au masque. Les joueurs normaux sont \u00e9limin\u00e9s d\u00e8s qu&rsquo;une bille les touchent.<\/p>\n\n\n\n<p><em>D&rsquo;autres sc\u00e9narios sont possibles, demand\u00e9 \u00e0 notre \u00e9quipe ou bien proposez vos propres id\u00e9es !<\/em><\/p>\n\n\n\n<hr class=\"wp-block-separator has-alpha-channel-opacity is-style-wide\"\/>\n\n\n\n<figure class=\"wp-block-image size-full is-style-default\"><img loading=\"lazy\" decoding=\"async\" width=\"1836\" height=\"1377\" src=\"https:\/\/attractive-paintball.com\/wp-content\/uploads\/2025\/05\/244955282_4787425354601426_4331424093154418988_n.jpg\" alt=\"\" class=\"wp-image-182\" srcset=\"https:\/\/attractive-paintball.com\/wp-content\/uploads\/2025\/05\/244955282_4787425354601426_4331424093154418988_n.jpg 1836w, https:\/\/attractive-paintball.com\/wp-content\/uploads\/2025\/05\/244955282_4787425354601426_4331424093154418988_n-300x225.jpg 300w, https:\/\/attractive-paintball.com\/wp-content\/uploads\/2025\/05\/244955282_4787425354601426_4331424093154418988_n-1024x768.jpg 1024w, https:\/\/attractive-paintball.com\/wp-content\/uploads\/2025\/05\/244955282_4787425354601426_4331424093154418988_n-768x576.jpg 768w, https:\/\/attractive-paintball.com\/wp-content\/uploads\/2025\/05\/244955282_4787425354601426_4331424093154418988_n-1536x1152.jpg 1536w\" sizes=\"auto, (max-width: 1836px) 100vw, 1836px\" \/><\/figure>\n\n\n\n<div style=\"height:100px\" aria-hidden=\"true\" class=\"wp-block-spacer\"><\/div>\n","protected":false},"excerpt":{"rendered":"<p>Elimination :Il faut juste \u00e9liminer tous les joueurs de l&rsquo;\u00e9quipe adverse. Le simple drapeau :Il faut capturer le drapeau au centre du terrain et le ramener sur sa base. Le double drapeau :Il faut capturer le drapeau dans la base adverse et le ramener dans sa propre base. Tout en [&hellip;]<\/p>\n","protected":false},"author":1,"featured_media":0,"parent":0,"menu_order":0,"comment_status":"closed","ping_status":"closed","template":"","meta":{"footnotes":""},"class_list":["post-36","page","type-page","status-publish","hentry"],"aioseo_notices":[],"_links":{"self":[{"href":"https:\/\/attractive-paintball.com\/index.php\/wp-json\/wp\/v2\/pages\/36","targetHints":{"allow":["GET"]}}],"collection":[{"href":"https:\/\/attractive-paintball.com\/index.php\/wp-json\/wp\/v2\/pages"}],"about":[{"href":"https:\/\/attractive-paintball.com\/index.php\/wp-json\/wp\/v2\/types\/page"}],"author":[{"embeddable":true,"href":"https:\/\/attractive-paintball.com\/index.php\/wp-json\/wp\/v2\/users\/1"}],"replies":[{"embeddable":true,"href":"https:\/\/attractive-paintball.com\/index.php\/wp-json\/wp\/v2\/comments?post=36"}],"version-history":[{"count":6,"href":"https:\/\/attractive-paintball.com\/index.php\/wp-json\/wp\/v2\/pages\/36\/revisions"}],"predecessor-version":[{"id":183,"href":"https:\/\/attractive-paintball.com\/index.php\/wp-json\/wp\/v2\/pages\/36\/revisions\/183"}],"wp:attachment":[{"href":"https:\/\/attractive-paintball.com\/index.php\/wp-json\/wp\/v2\/media?parent=36"}],"curies":[{"name":"wp","href":"https:\/\/api.w.org\/{rel}","templated":true}]}}