{"id":37,"date":"2023-07-19T19:23:25","date_gmt":"2023-07-19T19:23:25","guid":{"rendered":"https:\/\/attractive-paintball.com\/?page_id=37"},"modified":"2026-04-07T23:00:05","modified_gmt":"2026-04-07T21:00:05","slug":"tarifs","status":"publish","type":"page","link":"https:\/\/attractive-paintball.com\/index.php\/tarifs\/","title":{"rendered":"Tarifs"},"content":{"rendered":"\n<div class=\"wp-block-columns is-layout-flex wp-container-core-columns-is-layout-28f84493 wp-block-columns-is-layout-flex\">\n<div class=\"wp-block-column is-layout-flow wp-block-column-is-layout-flow\">\n<h2 class=\"wp-block-heading\">PAINTBALL<\/h2>\n\n\n\n<p class=\"has-small-font-size\">\u00e0 partir de 12ans<\/p>\n\n\n\n<hr class=\"wp-block-separator has-text-color has-black-color has-alpha-channel-opacity has-black-background-color has-background is-style-wide\"\/>\n\n\n\n<ul class=\"wp-block-list\">\n<li>200 Billes : 25 \u20ac<\/li>\n\n\n\n<li>300 Billes : 30 \u20ac<\/li>\n\n\n\n<li>500 Billes : 40 \u20ac<\/li>\n<\/ul>\n<\/div>\n\n\n\n<div class=\"wp-block-column is-layout-flow wp-block-column-is-layout-flow\">\n<h2 class=\"wp-block-heading\">GELBALL<\/h2>\n\n\n\n<p class=\"has-small-font-size\">\u00e0 partir de 7 ans<\/p>\n\n\n\n<hr class=\"wp-block-separator has-text-color has-black-color has-alpha-channel-opacity has-black-background-color has-background is-style-wide\"\/>\n\n\n\n<ul class=\"wp-block-list\">\n<li>1400 Billes : 15 \u20ac<\/li>\n<\/ul>\n<\/div>\n<\/div>\n\n\n\n<div style=\"height:29px\" aria-hidden=\"true\" class=\"wp-block-spacer\"><\/div>\n\n\n\n<h2 class=\"wp-block-heading has-text-align-center\">Billes suppl\u00e9mentaires<\/h2>\n\n\n\n<hr class=\"wp-block-separator has-text-color has-black-color has-alpha-channel-opacity has-black-background-color has-background\"\/>\n\n\n\n<div class=\"wp-block-columns is-layout-flex wp-container-core-columns-is-layout-28f84493 wp-block-columns-is-layout-flex\">\n<div class=\"wp-block-column is-layout-flow wp-block-column-is-layout-flow\">\n<h2 class=\"wp-block-heading\">PAINTBALL<\/h2>\n\n\n\n<hr class=\"wp-block-separator has-text-color has-black-color has-alpha-channel-opacity has-black-background-color has-background is-style-wide\"\/>\n\n\n\n<ul class=\"wp-block-list\">\n<li>100 Billes : 7\u20ac<\/li>\n<\/ul>\n<\/div>\n\n\n\n<div class=\"wp-block-column is-layout-flow wp-block-column-is-layout-flow\">\n<h2 class=\"wp-block-heading\">GELBALL<\/h2>\n\n\n\n<hr class=\"wp-block-separator has-text-color has-black-color has-alpha-channel-opacity has-black-background-color has-background is-style-wide\"\/>\n\n\n\n<ul class=\"wp-block-list\">\n<li>700 Billes : 7\u20ac<\/li>\n<\/ul>\n<\/div>\n<\/div>\n\n\n\n<div style=\"height:30px\" aria-hidden=\"true\" class=\"wp-block-spacer\"><\/div>\n\n\n\n<h2 class=\"wp-block-heading has-text-align-center\">Les plus Paintball<\/h2>\n\n\n\n<hr class=\"wp-block-separator has-text-color has-black-color has-alpha-channel-opacity has-black-background-color has-background\"\/>\n\n\n\n<div class=\"wp-block-columns is-layout-flex wp-container-core-columns-is-layout-28f84493 wp-block-columns-is-layout-flex\">\n<div class=\"wp-block-column is-layout-flow wp-block-column-is-layout-flow\">\n<h2 class=\"wp-block-heading\">Artifices<\/h2>\n\n\n\n<hr class=\"wp-block-separator has-text-color has-black-color has-alpha-channel-opacity has-black-background-color has-background is-style-wide\"\/>\n\n\n\n<ul class=\"wp-block-list\">\n<li>Grenade\/Fumig\u00e8nes : 8\u20ac<\/li>\n<\/ul>\n<\/div>\n\n\n\n<div class=\"wp-block-column is-layout-flow wp-block-column-is-layout-flow\">\n<h2 class=\"wp-block-heading\">Recharges en Air<\/h2>\n\n\n\n<hr class=\"wp-block-separator has-text-color has-black-color has-alpha-channel-opacity has-black-background-color has-background is-style-wide\"\/>\n\n\n\n<ul class=\"wp-block-list\">\n<li>Bloc Tampon 15l : 30\u20ac<\/li>\n\n\n\n<li>Bouteille 0.8l\/1l : 3\u20ac<\/li>\n<\/ul>\n<\/div>\n<\/div>\n\n\n\n<div style=\"height:29px\" aria-hidden=\"true\" class=\"wp-block-spacer\"><\/div>\n\n\n\n<div class=\"wp-block-columns is-layout-flex wp-container-core-columns-is-layout-28f84493 wp-block-columns-is-layout-flex\">\n<div class=\"wp-block-column is-layout-flow wp-block-column-is-layout-flow\" style=\"flex-basis:100%\">\n<h2 class=\"wp-block-heading has-text-align-center\">TARIFS SP\u00c9CIAUX <\/h2>\n<\/div>\n<\/div>\n\n\n\n<hr class=\"wp-block-separator has-text-color has-black-color has-alpha-channel-opacity has-black-background-color has-background is-style-default\"\/>\n\n\n\n<p>Les enfants de moins de 16ans (sur demande avec justificatif) b\u00e9n\u00e9ficient de 50 billes suppl\u00e9mentaires non cumulables avec une autre offre.<\/p>\n\n\n\n<p>Les personnes f\u00eatant leur anniversaire dans le mois b\u00e9n\u00e9ficient de 50 billes suppl\u00e9mentaires.<\/p>\n\n\n\n<p>Pour les Enterrements de vie de Jeune Gar\u00e7on \/ Fille un costume de lapin offert (valeur 25\u20ac) \u00e0 partir de 8 Forfaits 300 billes.<\/p>\n\n\n\n<p><\/p>\n\n\n\n<div style=\"height:100px\" aria-hidden=\"true\" class=\"wp-block-spacer\"><\/div>\n\n\n\n<figure class=\"wp-block-gallery has-nested-images columns-default is-cropped wp-block-gallery-1 is-layout-flex wp-block-gallery-is-layout-flex\">\n<figure class=\"wp-block-image size-large\"><img loading=\"lazy\" decoding=\"async\" width=\"1024\" height=\"768\" data-id=\"106\" src=\"https:\/\/attractive-paintball.com\/wp-content\/uploads\/2023\/07\/3e491fcfdf0533328eb593a7b89c4002-1024x768.jpg\" alt=\"\" class=\"wp-image-106\" srcset=\"https:\/\/attractive-paintball.com\/wp-content\/uploads\/2023\/07\/3e491fcfdf0533328eb593a7b89c4002-1024x768.jpg 1024w, https:\/\/attractive-paintball.com\/wp-content\/uploads\/2023\/07\/3e491fcfdf0533328eb593a7b89c4002-300x225.jpg 300w, https:\/\/attractive-paintball.com\/wp-content\/uploads\/2023\/07\/3e491fcfdf0533328eb593a7b89c4002-768x576.jpg 768w, https:\/\/attractive-paintball.com\/wp-content\/uploads\/2023\/07\/3e491fcfdf0533328eb593a7b89c4002.jpg 1440w\" sizes=\"auto, (max-width: 1024px) 100vw, 1024px\" \/><\/figure>\n\n\n\n<figure class=\"wp-block-image size-full\"><img loading=\"lazy\" decoding=\"async\" width=\"1000\" height=\"580\" data-id=\"92\" src=\"https:\/\/attractive-paintball.com\/wp-content\/uploads\/2023\/07\/DSCN0328_light-ts1633985499.jpg\" alt=\"\" class=\"wp-image-92\" srcset=\"https:\/\/attractive-paintball.com\/wp-content\/uploads\/2023\/07\/DSCN0328_light-ts1633985499.jpg 1000w, https:\/\/attractive-paintball.com\/wp-content\/uploads\/2023\/07\/DSCN0328_light-ts1633985499-300x174.jpg 300w, https:\/\/attractive-paintball.com\/wp-content\/uploads\/2023\/07\/DSCN0328_light-ts1633985499-768x445.jpg 768w\" sizes=\"auto, (max-width: 1000px) 100vw, 1000px\" \/><\/figure>\n\n\n\n<figure class=\"wp-block-image size-large\"><img loading=\"lazy\" decoding=\"async\" width=\"1024\" height=\"768\" data-id=\"179\" src=\"https:\/\/attractive-paintball.com\/wp-content\/uploads\/2025\/05\/241889004_4705988872745075_7046874453467144191_n-1024x768.jpg\" alt=\"\" class=\"wp-image-179\" srcset=\"https:\/\/attractive-paintball.com\/wp-content\/uploads\/2025\/05\/241889004_4705988872745075_7046874453467144191_n-1024x768.jpg 1024w, https:\/\/attractive-paintball.com\/wp-content\/uploads\/2025\/05\/241889004_4705988872745075_7046874453467144191_n-300x225.jpg 300w, https:\/\/attractive-paintball.com\/wp-content\/uploads\/2025\/05\/241889004_4705988872745075_7046874453467144191_n-768x576.jpg 768w, https:\/\/attractive-paintball.com\/wp-content\/uploads\/2025\/05\/241889004_4705988872745075_7046874453467144191_n-1536x1152.jpg 1536w, https:\/\/attractive-paintball.com\/wp-content\/uploads\/2025\/05\/241889004_4705988872745075_7046874453467144191_n.jpg 1836w\" sizes=\"auto, (max-width: 1024px) 100vw, 1024px\" \/><\/figure>\n\n\n\n<figure class=\"wp-block-image size-large\"><img loading=\"lazy\" decoding=\"async\" width=\"1024\" height=\"768\" data-id=\"178\" src=\"https:\/\/attractive-paintball.com\/wp-content\/uploads\/2025\/05\/242062704_4706108622733100_4314513181874146663_n-1024x768.jpg\" alt=\"\" class=\"wp-image-178\" srcset=\"https:\/\/attractive-paintball.com\/wp-content\/uploads\/2025\/05\/242062704_4706108622733100_4314513181874146663_n-1024x768.jpg 1024w, https:\/\/attractive-paintball.com\/wp-content\/uploads\/2025\/05\/242062704_4706108622733100_4314513181874146663_n-300x225.jpg 300w, https:\/\/attractive-paintball.com\/wp-content\/uploads\/2025\/05\/242062704_4706108622733100_4314513181874146663_n-768x576.jpg 768w, https:\/\/attractive-paintball.com\/wp-content\/uploads\/2025\/05\/242062704_4706108622733100_4314513181874146663_n-1536x1152.jpg 1536w, https:\/\/attractive-paintball.com\/wp-content\/uploads\/2025\/05\/242062704_4706108622733100_4314513181874146663_n.jpg 1836w\" sizes=\"auto, (max-width: 1024px) 100vw, 1024px\" \/><\/figure>\n<\/figure>\n\n\n\n<div style=\"height:100px\" aria-hidden=\"true\" class=\"wp-block-spacer\"><\/div>\n","protected":false},"excerpt":{"rendered":"<p>PAINTBALL \u00e0 partir de 12ans GELBALL \u00e0 partir de 7 ans Billes suppl\u00e9mentaires PAINTBALL GELBALL Les plus Paintball Artifices Recharges en Air TARIFS SP\u00c9CIAUX Les enfants de moins de 16ans (sur demande avec justificatif) b\u00e9n\u00e9ficient de 50 billes suppl\u00e9mentaires non cumulables avec une autre offre. Les personnes f\u00eatant leur anniversaire [&hellip;]<\/p>\n","protected":false},"author":1,"featured_media":0,"parent":0,"menu_order":0,"comment_status":"closed","ping_status":"closed","template":"","meta":{"footnotes":""},"class_list":["post-37","page","type-page","status-publish","hentry"],"aioseo_notices":[],"_links":{"self":[{"href":"https:\/\/attractive-paintball.com\/index.php\/wp-json\/wp\/v2\/pages\/37","targetHints":{"allow":["GET"]}}],"collection":[{"href":"https:\/\/attractive-paintball.com\/index.php\/wp-json\/wp\/v2\/pages"}],"about":[{"href":"https:\/\/attractive-paintball.com\/index.php\/wp-json\/wp\/v2\/types\/page"}],"author":[{"embeddable":true,"href":"https:\/\/attractive-paintball.com\/index.php\/wp-json\/wp\/v2\/users\/1"}],"replies":[{"embeddable":true,"href":"https:\/\/attractive-paintball.com\/index.php\/wp-json\/wp\/v2\/comments?post=37"}],"version-history":[{"count":18,"href":"https:\/\/attractive-paintball.com\/index.php\/wp-json\/wp\/v2\/pages\/37\/revisions"}],"predecessor-version":[{"id":213,"href":"https:\/\/attractive-paintball.com\/index.php\/wp-json\/wp\/v2\/pages\/37\/revisions\/213"}],"wp:attachment":[{"href":"https:\/\/attractive-paintball.com\/index.php\/wp-json\/wp\/v2\/media?parent=37"}],"curies":[{"name":"wp","href":"https:\/\/api.w.org\/{rel}","templated":true}]}}